{"id":4452,"date":"2020-10-16T18:01:26","date_gmt":"2020-10-16T18:01:26","guid":{"rendered":"https:\/\/saggaac.com\/saggapg\/?page_id=4452"},"modified":"2023-08-14T10:42:40","modified_gmt":"2023-08-14T15:42:40","slug":"practicas-inteligentes-detalle","status":"publish","type":"page","link":"https:\/\/saggaac.com\/saggapg\/practicas-inteligentes-detalle\/","title":{"rendered":"Pr\u00e1cticas Inteligentes."},"content":{"rendered":"\n<p class=\"text-justify\">Desarrollamos actividades o procesos probados que han sido utilizados con \u00e9xito por m\u00faltiples organizaciones, buscando mejorar la calidad del servicio, as\u00ed como la colaboraci\u00f3n y agilidad en la entrega y operaci\u00f3n de productos y servicios. Pensando siempre en cubrir las necesidades y mejorar la experiencia del usuario final.<\/p>\n\n\n\n<p>\u00abPr\u00e1cticas Inteligentes, mejores resultados\u00bb<\/p>\n\n\n\n<figure class=\"wp-block-image size-large\"><img loading=\"lazy\" width=\"1024\" height=\"599\" src=\"https:\/\/saggaac.com\/saggapg\/wp-content\/uploads\/2020\/11\/Saggafoto2-1024x599.jpg\" alt=\"\" class=\"wp-image-4484\" srcset=\"https:\/\/saggaac.com\/saggapg\/wp-content\/uploads\/2020\/11\/Saggafoto2-1024x599.jpg 1024w, https:\/\/saggaac.com\/saggapg\/wp-content\/uploads\/2020\/11\/Saggafoto2-300x176.jpg 300w, https:\/\/saggaac.com\/saggapg\/wp-content\/uploads\/2020\/11\/Saggafoto2-768x449.jpg 768w, https:\/\/saggaac.com\/saggapg\/wp-content\/uploads\/2020\/11\/Saggafoto2-1536x899.jpg 1536w, https:\/\/saggaac.com\/saggapg\/wp-content\/uploads\/2020\/11\/Saggafoto2.jpg 2000w\" sizes=\"(max-width: 1024px) 100vw, 1024px\" \/><\/figure>\n\n\n\n<h3>DevSecOps<\/h3>\n\n\n\n<p class=\"text-justify\">Aplicamos pr\u00e1cticas inteligentes como DevSecOps que es una evoluci\u00f3n de las ideas de desarrollo de software \u00e1gil y fabricaci\u00f3n eficiente, aplicadas a la cadena de valor de principio a fin en tecnolog\u00eda de la informaci\u00f3n, lo que permite a las empresas llegar m\u00e1s lejos con tecnolog\u00edas modernas de informaci\u00f3n, gracias a cambios culturales, organizacionales y t\u00e9cnicos. En estos momentos en que la transformaci\u00f3n digital se est\u00e1 acelerando, es vital la colaboraci\u00f3n y comunicaci\u00f3n entre los profesionales de TI y de negocios durante el ciclo de vida de aplicaciones y servicios.<\/p>\n\n\n\n<p>DevSecOps te permitir\u00e1:<\/p>\n\n\n\n<p>&#8211; Disminuir el tiempo de comercializaci\u00f3n (Time To Market)<\/p>\n\n\n\n<p>&#8211; Reducir de la deuda t\u00e9cnica<\/p>\n\n\n\n<p>&#8211; Eliminar la fragilidad tecnol\u00f3gica<\/p>\n\n\n\n<h3>ITIL<\/h3>\n\n\n\n<p class=\"text-justify\">Conscientes de que las econom\u00edas dependen cada vez m\u00e1s de sus servicios usamos ITIL, el framework de ITSM m\u00e1s utilizado por 30 a\u00f1os que provee una gu\u00eda necesaria para que las organizaciones atiendan los nuevos retos de la gesti\u00f3n de servicios de TI y explote el potencial de las tecnolog\u00edas modernas. ITIL tambi\u00e9n proporciona un enfoque pr\u00e1ctico y flexible para pasar al nuevo mundo de la transformaci\u00f3n digital y adoptar un modelo operativo de extremo a extremo que integra marcos como Lean IT, Agile y DevSecOps.<\/p>\n\n\n\n<h3>SCRUM<\/h3>\n\n\n\n<p class=\"text-justify\">Usamos buenas pr\u00e1cticas \u00e1giles como Scrum, mediante el cual las personas pueden abordar problemas adaptativos complejos, al tiempo que entregan productos creativos con el mayor valor posible. Scrum en s\u00ed es un marco simple para la colaboraci\u00f3n efectiva del equipo en busca de crear productos a trav\u00e9s de pr\u00e1cticas \u00e1giles.Scrum se ha usado para desarrollar software, hardware, software embebido, redes de funciones interactivas, veh\u00edculos aut\u00f3nomos, escuelas, gobiernos, mercadeo, tambi\u00e9n para gestionar la operaci\u00f3n de organizaciones y casi todo lo que usamos en nuestra vida diaria, como individuo y como sociedad.&nbsp;<\/p>\n\n\n\n<h3>Kanban&nbsp;<\/h3>\n\n\n\n<p class=\"text-justify\">Empleamos metodolog\u00edas \u00e1giles como Kanban, que es una t\u00e9cnica en la que se dan instrucciones de trabajo mediante tarjetas, que est\u00e1n hechas en funci\u00f3n de los requerimientos del cliente con el objetivo de controlar el avance del trabajo para lograr un producto o servicio de calidad. Ayuda particularmente a coordinar la producci\u00f3n de productos y servicios,y adaptarse a las diferentes variaciones para identificar las zonas susceptibles de mejora.<\/p>\n\n\n\n<p>El m\u00e9todo Kanban est\u00e1 enfocado en llevar a cabo las tareas pendientes bas\u00e1ndose en los siguientes principios:<\/p>\n\n\n\n<p>&#8211; Empezar con lo que hace ahora.<\/p>\n\n\n\n<p>&#8211; Comprometerse a buscar e implementar cambios incrementales y evolutivos.<\/p>\n\n\n\n<p>&#8211; Respetar los procesos, las responsabilidades y los cargos actuales.<\/p>\n\n\n\n<p>&#8211; Animar el liderazgo en todos los niveles.<\/p>\n\n\n\n<h3>ISTQB(International Software Testing Qualifications Board)<\/h3>\n\n\n\n<p class=\"text-justify\">Aplicamos la metodolog\u00eda de pruebas ISTQB, para realizar pruebas en el proceso de desarrollo, mantenimiento y operaciones de un producto o servicio; esto permite:<\/p>\n\n\n\n<p class=\"text-justify\">&nbsp;&#8211; Mejorar la calidad del software: El proceso de pruebas de software ayuda a suministrar\/aportar al software los atributos deseados, por ejemplo retirar defectos que conducen a fallos<\/p>\n\n\n\n<p class=\"text-justify\">&#8211; Reducir el riesgo de detectar errores: Actividades de pruebas de software adecuadas reducir\u00e1n el riesgo de encontrar errores durante la fase de operaciones software<\/p>\n\n\n\n<p class=\"text-justify\">&#8211; Satisfacer compromisos: La ejecuci\u00f3n de pruebas puede ser un requisito obligatorio por parte del cliente, debido a normas legales as\u00ed como al cumplimiento de est\u00e1ndares propios de una industria<\/p>\n","protected":false},"excerpt":{"rendered":"<p>Desarrollamos actividades o procesos probados que han sido utilizados con \u00e9xito por m\u00faltiples organizaciones, buscando mejorar la calidad del servicio, as\u00ed como la colaboraci\u00f3n y agilidad en la entrega y operaci\u00f3n de productos y servicios. Pensando siempre en cubrir las necesidades y mejorar la experiencia del usuario final. \u00abPr\u00e1cticas Inteligentes, mejores resultados\u00bb DevSecOps Aplicamos pr\u00e1cticas inteligentes como DevSecOps que es [&hellip;]<\/p>\n","protected":false},"author":1,"featured_media":0,"parent":0,"menu_order":0,"comment_status":"closed","ping_status":"closed","template":"","meta":[],"uagb_featured_image_src":{"full":false,"thumbnail":false,"medium":false,"medium_large":false,"large":false,"elegant_blocks_team_1":false,"elegant_blocks_blog_1":false,"elegant_blocks_slider_1":false,"1536x1536":false,"2048x2048":false,"bizberg_medium":false,"bizberg_gallery":false,"bizberg_blog_list":false,"bizberg_detail_image":false,"bizberg_detail_image_no_sidebar":false,"bizberg_portfolio_homepage":false,"bizberg_blog_list_no_sidebar_1":false},"uagb_author_info":{"display_name":"admin","author_link":"https:\/\/saggaac.com\/saggapg\/author\/admin\/"},"uagb_comment_info":0,"uagb_excerpt":"Desarrollamos actividades o procesos probados que han sido utilizados con \u00e9xito por m\u00faltiples organizaciones, buscando mejorar la calidad del servicio, as\u00ed como la colaboraci\u00f3n y agilidad en la entrega y operaci\u00f3n de productos y servicios. Pensando siempre en cubrir las necesidades y mejorar la experiencia del usuario final. \u00abPr\u00e1cticas Inteligentes, mejores resultados\u00bb DevSecOps Aplicamos pr\u00e1cticas&hellip;","_links":{"self":[{"href":"https:\/\/saggaac.com\/saggapg\/wp-json\/wp\/v2\/pages\/4452"}],"collection":[{"href":"https:\/\/saggaac.com\/saggapg\/wp-json\/wp\/v2\/pages"}],"about":[{"href":"https:\/\/saggaac.com\/saggapg\/wp-json\/wp\/v2\/types\/page"}],"author":[{"embeddable":true,"href":"https:\/\/saggaac.com\/saggapg\/wp-json\/wp\/v2\/users\/1"}],"replies":[{"embeddable":true,"href":"https:\/\/saggaac.com\/saggapg\/wp-json\/wp\/v2\/comments?post=4452"}],"version-history":[{"count":7,"href":"https:\/\/saggaac.com\/saggapg\/wp-json\/wp\/v2\/pages\/4452\/revisions"}],"predecessor-version":[{"id":5191,"href":"https:\/\/saggaac.com\/saggapg\/wp-json\/wp\/v2\/pages\/4452\/revisions\/5191"}],"wp:attachment":[{"href":"https:\/\/saggaac.com\/saggapg\/wp-json\/wp\/v2\/media?parent=4452"}],"curies":[{"name":"wp","href":"https:\/\/api.w.org\/{rel}","templated":true}]}}