{"id":4442,"date":"2020-10-16T17:18:27","date_gmt":"2020-10-16T22:18:27","guid":{"rendered":"https:\/\/saggaac.com\/saggapg\/?page_id=4442"},"modified":"2022-05-20T09:08:21","modified_gmt":"2022-05-20T14:08:21","slug":"cloud-detalle","status":"publish","type":"page","link":"https:\/\/saggaac.com\/saggapg\/soluciones-y-servicios-especializados-sagga\/cloud-detalle\/","title":{"rendered":"Cloud (Servicios en la Nube)."},"content":{"rendered":"\n<p class=\"text-justify\">Importante catalizador de la cuarta revoluci\u00f3n industrial que permite a las organizaciones de cualquier naturaleza acceder a tecnolog\u00edas disruptivas en cuesti\u00f3n de segundos y a bajo costo permitiendo a las empresas concentrarse en la innovaci\u00f3n tecnol\u00f3gica en lugar de la operaci\u00f3n<\/p>\n\n\n\n<figure class=\"wp-block-image size-large\"><img loading=\"lazy\" width=\"1024\" height=\"768\" src=\"https:\/\/saggaac.com\/saggapg\/wp-content\/uploads\/2019\/06\/saggaacapps2020-1024x768.jpg\" alt=\"\" class=\"wp-image-4617\" srcset=\"https:\/\/saggaac.com\/saggapg\/wp-content\/uploads\/2019\/06\/saggaacapps2020-1024x768.jpg 1024w, https:\/\/saggaac.com\/saggapg\/wp-content\/uploads\/2019\/06\/saggaacapps2020-300x225.jpg 300w, https:\/\/saggaac.com\/saggapg\/wp-content\/uploads\/2019\/06\/saggaacapps2020-768x576.jpg 768w, https:\/\/saggaac.com\/saggapg\/wp-content\/uploads\/2019\/06\/saggaacapps2020-1536x1152.jpg 1536w, https:\/\/saggaac.com\/saggapg\/wp-content\/uploads\/2019\/06\/saggaacapps2020-2048x1536.jpg 2048w\" sizes=\"(max-width: 1024px) 100vw, 1024px\" \/><\/figure>\n\n\n\n<h3>IAAS<\/h3>\n\n\n\n<p class=\"text-justify\">Nuestros servicios profesionales te permitir\u00e1n ejecutar de forma efectiva la migraci\u00f3n hacia la nube de la infraestructura tecnol\u00f3gica.<\/p>\n\n\n\n<p class=\"text-justify\">La optimizaci\u00f3n de costos y la gran flexibilidad al trasladar la totalidad o parte de la infraestructura local hacia la nube en centros de datos de clase mundial posibilitan acceder a tecnolog\u00edas modernas y de vanguardia permitiendo a las organizaciones enfocarse en la innovaci\u00f3n en lugar de la operaci\u00f3n y as\u00ed acelerar la entrega de los productos y servicios.<\/p>\n\n\n\n<p class=\"text-justify\">Disponemos de arquitectos cloud con gran experiencia para evaluar y dise\u00f1ar la mejor estrategia ajustada a la realidad de cada cliente y basada en las mejores pr\u00e1cticas de la industria relacionadas con los servicios en la nube de tipo IaaS.<\/p>\n\n\n\n<h3>PAAS<\/h3>\n\n\n\n<p class=\"text-justify\">Nuestros servicios profesionales te permitir\u00e1n ejecutar de forma efectiva la migraci\u00f3n hacia la nube de la infraestructura tecnol\u00f3gica y las aplicaciones base requeridas para su funcionamiento.&nbsp;<\/p>\n\n\n\n<p class=\"text-justify\">La optimizaci\u00f3n de costos y la gran flexibilidad al trasladar la totalidad o parte de la infraestructura local hacia la nube en centros de datos de clase mundial posibilitan acceder a tecnolog\u00edas modernas y de vanguardia permitiendo a las organizaciones enfocarse en la innovaci\u00f3n en lugar de la operaci\u00f3n y as\u00ed acelerar la entrega de los productos y servicios.&nbsp;<\/p>\n\n\n\n<p class=\"text-justify\">Disponemos de arquitectos cloud con gran experiencia para evaluar y dise\u00f1ar la mejor estrategia ajustada a la realidad de cada cliente y basada en las mejores pr\u00e1cticas de la industria relacionadas con los servicios en la nube de tipo PaaS.<\/p>\n\n\n\n<h3>SAAS&nbsp;<\/h3>\n\n\n\n<p class=\"text-justify\">Nuestros servicios profesionales te permitir\u00e1n evaluar y seleccionar la mejor alternativa disponible en cuanto a aplicaciones totalmente funcionales en la nube enfocadas tanto para los usuarios como para los clientes.&nbsp;<\/p>\n\n\n\n<p class=\"text-justify\">La optimizaci\u00f3n de costos y la gran flexibilidad al trasladar la totalidad o parte de las aplicaciones hacia la nube en centros de datos de clase mundial posibilitan acceder a tecnolog\u00edas modernas y de vanguardia permitiendo a las organizaciones enfocarse en la innovaci\u00f3n en lugar de la operaci\u00f3n y as\u00ed acelerar la entrega de los productos y servicios.&nbsp;<\/p>\n\n\n\n<p class=\"text-justify\">Ponemos a su disposici\u00f3n arquitectos cloud con gran experiencia para evaluar, dise\u00f1ar y de ser el caso integrar las aplicaciones estableciendo la mejor estrategia ajustada a la realidad de cada cliente y basada en las mejores pr\u00e1cticas de la industria relacionadas con los servicios en la nube de tipo SaaS.<\/p>\n\n\n\n<h3>Blockchain&nbsp;<\/h3>\n\n\n\n<p class=\"text-justify\">La tecnolog\u00eda blockchain permite resguardar la informaci\u00f3n y los datos bajo los preceptos de inmutabilidad e inviolabilidad.<\/p>\n\n\n\n<p class=\"text-justify\">Nuestros servicios profesionales te permitir\u00e1n integrar aplicaciones a una red de blockchain -BaaS Blockchain como servicio- de manera segura donde adem\u00e1s de posibilidades de escalamiento din\u00e1mico acceder\u00e1s a un conjunto completo de utilidades de integraci\u00f3n para crear productos disruptivos y poner a tu organizaci\u00f3n en el camino de la innovaci\u00f3n y la transformaci\u00f3n digital.<\/p>\n\n\n\n<p class=\"text-justify\">Disponemos de profesionales con gran experiencia para evaluar y dise\u00f1ar soluciones ajustadas a la realidad de cada cliente y basada en las mejores pr\u00e1cticas de la industria relacionadas con en este tipo de tecnolog\u00eda.<\/p>\n\n\n\n<h3>Microservicios<\/h3>\n\n\n\n<p class=\"text-justify\">La tecnolog\u00eda de microservicios permite dise\u00f1ar aplicaciones basadas en m\u00faltiples y peque\u00f1os componentes, cada uno con tecnolog\u00eda propia y funcionalidad m\u00ednima pero completa para habilitar servicios basados en aplicaciones que se pueden desarrollar y desplegar de forma independiente.<\/p>\n\n\n\n<p class=\"text-justify\">Pon a tu organizaci\u00f3n en el camino de la innovaci\u00f3n y la transformaci\u00f3n digital accediendo a un conjunto completo de componentes y utilidades para el uso de microservicios.<\/p>\n\n\n\n<p class=\"text-justify\">Ponemos a su disposici\u00f3n profesionales con gran experiencia para evaluar y dise\u00f1ar soluciones ajustadas a la realidad de cada cliente y basada en las mejores pr\u00e1cticas de la industria relacionadas con en este tipo de tecnolog\u00edas.<\/p>\n","protected":false},"excerpt":{"rendered":"<p>Importante catalizador de la cuarta revoluci\u00f3n industrial que permite a las organizaciones de cualquier naturaleza acceder a tecnolog\u00edas disruptivas en cuesti\u00f3n de segundos y a bajo costo permitiendo a las empresas concentrarse en la innovaci\u00f3n tecnol\u00f3gica en lugar de la operaci\u00f3n IAAS Nuestros servicios profesionales te permitir\u00e1n ejecutar de forma efectiva la migraci\u00f3n hacia la nube de la infraestructura tecnol\u00f3gica. [&hellip;]<\/p>\n","protected":false},"author":1,"featured_media":0,"parent":4000,"menu_order":0,"comment_status":"closed","ping_status":"closed","template":"","meta":[],"uagb_featured_image_src":{"full":false,"thumbnail":false,"medium":false,"medium_large":false,"large":false,"elegant_blocks_team_1":false,"elegant_blocks_blog_1":false,"elegant_blocks_slider_1":false,"1536x1536":false,"2048x2048":false,"bizberg_medium":false,"bizberg_gallery":false,"bizberg_blog_list":false,"bizberg_detail_image":false,"bizberg_detail_image_no_sidebar":false,"bizberg_portfolio_homepage":false,"bizberg_blog_list_no_sidebar_1":false},"uagb_author_info":{"display_name":"admin","author_link":"https:\/\/saggaac.com\/saggapg\/author\/admin\/"},"uagb_comment_info":0,"uagb_excerpt":"Importante catalizador de la cuarta revoluci\u00f3n industrial que permite a las organizaciones de cualquier naturaleza acceder a tecnolog\u00edas disruptivas en cuesti\u00f3n de segundos y a bajo costo permitiendo a las empresas concentrarse en la innovaci\u00f3n tecnol\u00f3gica en lugar de la operaci\u00f3n IAAS Nuestros servicios profesionales te permitir\u00e1n ejecutar de forma efectiva la migraci\u00f3n hacia la&hellip;","_links":{"self":[{"href":"https:\/\/saggaac.com\/saggapg\/wp-json\/wp\/v2\/pages\/4442"}],"collection":[{"href":"https:\/\/saggaac.com\/saggapg\/wp-json\/wp\/v2\/pages"}],"about":[{"href":"https:\/\/saggaac.com\/saggapg\/wp-json\/wp\/v2\/types\/page"}],"author":[{"embeddable":true,"href":"https:\/\/saggaac.com\/saggapg\/wp-json\/wp\/v2\/users\/1"}],"replies":[{"embeddable":true,"href":"https:\/\/saggaac.com\/saggapg\/wp-json\/wp\/v2\/comments?post=4442"}],"version-history":[{"count":4,"href":"https:\/\/saggaac.com\/saggapg\/wp-json\/wp\/v2\/pages\/4442\/revisions"}],"predecessor-version":[{"id":4636,"href":"https:\/\/saggaac.com\/saggapg\/wp-json\/wp\/v2\/pages\/4442\/revisions\/4636"}],"up":[{"embeddable":true,"href":"https:\/\/saggaac.com\/saggapg\/wp-json\/wp\/v2\/pages\/4000"}],"wp:attachment":[{"href":"https:\/\/saggaac.com\/saggapg\/wp-json\/wp\/v2\/media?parent=4442"}],"curies":[{"name":"wp","href":"https:\/\/api.w.org\/{rel}","templated":true}]}}