{"id":4436,"date":"2020-10-16T17:08:07","date_gmt":"2020-10-16T22:08:07","guid":{"rendered":"https:\/\/saggaac.com\/saggapg\/?page_id=4436"},"modified":"2022-05-20T09:10:43","modified_gmt":"2022-05-20T14:10:43","slug":"automatizacion-detalle","status":"publish","type":"page","link":"https:\/\/saggaac.com\/saggapg\/servicios\/automatizacion-detalle\/","title":{"rendered":"Automatizaci\u00f3n."},"content":{"rendered":"\n<p class=\"text-justify\">La automatizaci\u00f3n de procesos permite a las empresas gestionar de una forma m\u00e1s r\u00e1pida y efectiva las tareas del d\u00eda a d\u00eda, permitiendo liberar tiempo y recursos para actividades de innovaci\u00f3n que agreguen un mayor crecimiento y valor tanto al colaborador como a la empresa&nbsp;<\/p>\n\n\n\n<figure class=\"wp-block-image size-large\"><img loading=\"lazy\" width=\"1024\" height=\"598\" src=\"https:\/\/saggaac.com\/saggapg\/wp-content\/uploads\/2020\/09\/sagga335400240-1024x598.jpg\" alt=\"\" class=\"wp-image-4229\" srcset=\"https:\/\/saggaac.com\/saggapg\/wp-content\/uploads\/2020\/09\/sagga335400240-1024x598.jpg 1024w, https:\/\/saggaac.com\/saggapg\/wp-content\/uploads\/2020\/09\/sagga335400240-300x175.jpg 300w, https:\/\/saggaac.com\/saggapg\/wp-content\/uploads\/2020\/09\/sagga335400240-768x448.jpg 768w, https:\/\/saggaac.com\/saggapg\/wp-content\/uploads\/2020\/09\/sagga335400240-1536x897.jpg 1536w, https:\/\/saggaac.com\/saggapg\/wp-content\/uploads\/2020\/09\/sagga335400240.jpg 2004w\" sizes=\"(max-width: 1024px) 100vw, 1024px\" \/><\/figure>\n\n\n\n<h3 id=\"ITPA\">Automatizaci\u00f3n de procesos de TI [ITPA]<\/h3>\n\n\n\n<p class=\"text-justify\">Necesitas mejorar la eficiencia en la ejecuci\u00f3n de tus tareas diarias, con ITPA (Automatizaci\u00f3n de Procesos de TI) es tu camino. Te permite la automatizaci\u00f3n de tareas diarias dentro de tus \u00e1reas de TI desde actividades del backoffice hasta actividades propias sobre las diferentes capas de tu infraestructura tecnol\u00f3gica, permitiendo la optimizaci\u00f3n en las tareas repetitivas de TI<\/p>\n\n\n\n<p class=\"has-text-align-right text-justify\">La Automatizaci\u00f3n de Procesos de TI usa robot software, con el objetivo de reducir la intervenci\u00f3n humana dentro de sus procesos diarios, gana eficiencia y calidad con la automatizaci\u00f3n en el manejo de la infraestructura y sus operaciones.<\/p>\n\n\n\n<hr class=\"wp-block-separator\"\/>\n\n\n\n<h3 id=\"automatizacion-rpa\">Automatizaci\u00f3n de procesos [RPA]<\/h3>\n\n\n\n<p class=\"text-justify\">Con RPA un robot de software, graba la interacci\u00f3n del usuario leyendo y capturando datos para luego interactuar con las aplicaciones, permitiendo emular sus acciones y as\u00ed lograr la automatizaci\u00f3n de todos tus procesos (comerciales, recursos humanos, log\u00edstica, tesorer\u00eda, auditor\u00eda, etc.) y la optimizaci\u00f3n de tareas repetitivas que pueden llegar a generar cuellos de botella. Dichos robots, trabajan sobre aplicaciones como SAP, sistemas CRM, sistemas ERP, sistemas de tributaci\u00f3n, sistemas de n\u00f3mina, bases de datos, software de ofim\u00e1tica, correo electr\u00f3nico, hojas de c\u00e1lculo, y mucho m\u00e1s.<\/p>\n\n\n\n<p class=\"has-text-align-center text-justify\">Este tipo de tecnolog\u00eda permite procesar la informaci\u00f3n de una forma m\u00e1s r\u00e1pida que un humano, el robot es menos propenso a errores y nunca duerme, generando un ahorro de tiempo e ingresos. as\u00ed como evita reprocesos y multas.<\/p>\n\n\n\n<div class=\"wp-container-1 wp-block-buttons aligncenter\">\n<div class=\"wp-block-button\"><a class=\"wp-block-button__link has-background has-luminous-vivid-amber-to-luminous-vivid-orange-gradient-background\" href=\"https:\/\/youtu.be\/HQzlQ1pXGk0\" target=\"_blank\" rel=\"noreferrer noopener\"><img loading=\"lazy\" width=\"1920\" height=\"990\" class=\"wp-image-4790\" style=\"width: 150px;\" src=\"https:\/\/saggaac.com\/saggapg\/wp-content\/uploads\/2021\/05\/SAGGA_RPA_OrderProcessMaking_Thumbnail.png\" alt=\"\" srcset=\"https:\/\/saggaac.com\/saggapg\/wp-content\/uploads\/2021\/05\/SAGGA_RPA_OrderProcessMaking_Thumbnail.png 1920w, https:\/\/saggaac.com\/saggapg\/wp-content\/uploads\/2021\/05\/SAGGA_RPA_OrderProcessMaking_Thumbnail-300x155.png 300w, https:\/\/saggaac.com\/saggapg\/wp-content\/uploads\/2021\/05\/SAGGA_RPA_OrderProcessMaking_Thumbnail-1024x528.png 1024w, https:\/\/saggaac.com\/saggapg\/wp-content\/uploads\/2021\/05\/SAGGA_RPA_OrderProcessMaking_Thumbnail-768x396.png 768w, https:\/\/saggaac.com\/saggapg\/wp-content\/uploads\/2021\/05\/SAGGA_RPA_OrderProcessMaking_Thumbnail-1536x792.png 1536w\" sizes=\"(max-width: 1920px) 100vw, 1920px\" \/><br>CLIC AQU\u00cd PARA VER LO QUE HACEMOS<\/a><\/div>\n<\/div>\n\n\n\n<hr class=\"wp-block-separator\"\/>\n\n\n\n<h3>Automatizaci\u00f3n de pruebas<\/h3>\n\n\n\n<p class=\"text-justify\">Quieres tener tus productos de software en un menor tiempo en producci\u00f3n, entonces convierte la automatizaci\u00f3n de pruebas en parte de tu ADN de desarrollo y aseguramiento de la calidad del software, optimizando costos, tiempo y reduciendo el riesgo por errores humanos.<\/p>\n\n\n\n<p class=\"text-justify\">Uno de tus objetivos principales debe ser la reducci\u00f3n en los tiempos de despliegue, permitiendo ejecutar un abanico m\u00e1s amplio de casos de prueba, con los que podremos asegurar productos m\u00e1s fiables y el retorno de la inversi\u00f3n (ROI) esperado<\/p>\n\n\n\n<p class=\"has-text-align-right text-justify\">Realiza ejecuciones con un set de datos amplio sin supervisi\u00f3n humana, con una mayor velocidad, no propensa a errores y con la calidad que necesitan tus productos.<\/p>\n\n\n\n<p class=\"has-text-align-center\"><strong>Todo esto se resume en \u201cExperiencia de Usuario\u201d, y al final todos ganamos.<\/strong><\/p>\n\n\n\n<hr class=\"wp-block-separator\"\/>\n\n\n\n<h3 id=\"no-code\">Desarrollo de aplicaciones (Codeless)<\/h3>\n\n\n\n<p class=\"text-justify\">Desarrollar aplicaciones codeless (cero c\u00f3digo) <strong><span style=\"color:#32728d\" class=\"has-inline-color\">&lt;no_code\/&gt;<\/span><\/strong>  se ha convertido en un concepto de disrupci\u00f3n tecnol\u00f3gica permitiendo construir soluciones de una forma r\u00e1pida, segura y sin conocimiento de programaci\u00f3n, de esta forma te adaptas a las exigencias del time to market, con dise\u00f1os que perfectamente se adaptan a dispositivos m\u00f3viles.<\/p>\n\n\n\n<p class=\"has-text-align-right text-justify\">Realiza complejos sistemas con componentes ya predefinidos, simplemente adapt\u00e1ndolos a tus requerimientos con caracter\u00edsticas integrables en interfaces <em>\u00abdrag and drop<\/em>\u00bb simples , es decir arrastrar y soltar, de esta forma te despreocupas de ciertas actividades que son necesarias en un modelo de desarrollo tradicional.<\/p>\n\n\n\n<p class=\"has-text-align-center\"><strong>Has que tu Empresa se Adapte al Cambio.<\/strong><\/p>\n","protected":false},"excerpt":{"rendered":"<p>La automatizaci\u00f3n de procesos permite a las empresas gestionar de una forma m\u00e1s r\u00e1pida y efectiva las tareas del d\u00eda a d\u00eda, permitiendo liberar tiempo y recursos para actividades de innovaci\u00f3n que agreguen un mayor crecimiento y valor tanto al colaborador como a la empresa&nbsp; Automatizaci\u00f3n de procesos de TI [ITPA] Necesitas mejorar la eficiencia en la ejecuci\u00f3n de tus [&hellip;]<\/p>\n","protected":false},"author":1,"featured_media":0,"parent":4000,"menu_order":0,"comment_status":"closed","ping_status":"closed","template":"","meta":[],"uagb_featured_image_src":{"full":false,"thumbnail":false,"medium":false,"medium_large":false,"large":false,"elegant_blocks_team_1":false,"elegant_blocks_blog_1":false,"elegant_blocks_slider_1":false,"1536x1536":false,"2048x2048":false,"bizberg_medium":false,"bizberg_gallery":false,"bizberg_blog_list":false,"bizberg_detail_image":false,"bizberg_detail_image_no_sidebar":false,"bizberg_portfolio_homepage":false,"bizberg_blog_list_no_sidebar_1":false},"uagb_author_info":{"display_name":"admin","author_link":"https:\/\/saggaac.com\/saggapg\/author\/admin\/"},"uagb_comment_info":0,"uagb_excerpt":"La automatizaci\u00f3n de procesos permite a las empresas gestionar de una forma m\u00e1s r\u00e1pida y efectiva las tareas del d\u00eda a d\u00eda, permitiendo liberar tiempo y recursos para actividades de innovaci\u00f3n que agreguen un mayor crecimiento y valor tanto al colaborador como a la empresa&nbsp; Automatizaci\u00f3n de procesos de TI [ITPA] Necesitas mejorar la eficiencia&hellip;","_links":{"self":[{"href":"https:\/\/saggaac.com\/saggapg\/wp-json\/wp\/v2\/pages\/4436"}],"collection":[{"href":"https:\/\/saggaac.com\/saggapg\/wp-json\/wp\/v2\/pages"}],"about":[{"href":"https:\/\/saggaac.com\/saggapg\/wp-json\/wp\/v2\/types\/page"}],"author":[{"embeddable":true,"href":"https:\/\/saggaac.com\/saggapg\/wp-json\/wp\/v2\/users\/1"}],"replies":[{"embeddable":true,"href":"https:\/\/saggaac.com\/saggapg\/wp-json\/wp\/v2\/comments?post=4436"}],"version-history":[{"count":20,"href":"https:\/\/saggaac.com\/saggapg\/wp-json\/wp\/v2\/pages\/4436\/revisions"}],"predecessor-version":[{"id":4794,"href":"https:\/\/saggaac.com\/saggapg\/wp-json\/wp\/v2\/pages\/4436\/revisions\/4794"}],"up":[{"embeddable":true,"href":"https:\/\/saggaac.com\/saggapg\/wp-json\/wp\/v2\/pages\/4000"}],"wp:attachment":[{"href":"https:\/\/saggaac.com\/saggapg\/wp-json\/wp\/v2\/media?parent=4436"}],"curies":[{"name":"wp","href":"https:\/\/api.w.org\/{rel}","templated":true}]}}