{"id":4266,"date":"2020-09-08T21:55:06","date_gmt":"2020-09-08T21:55:06","guid":{"rendered":"https:\/\/saggaac.com\/saggapg\/?page_id=4266"},"modified":"2023-08-14T10:28:37","modified_gmt":"2023-08-14T15:28:37","slug":"soporte","status":"publish","type":"page","link":"https:\/\/saggaac.com\/saggapg\/soporte\/","title":{"rendered":"Necesitas soporte"},"content":{"rendered":"\n<p><\/p>\n\n\n\n\n\n<p>Nuestra mesa de servicios con su personal capacitado le brindar\u00e1 asistencia para solucionar su problema o cualquier consulta que requiera. Trabajamos de la mano con nuestros fabricantes para brindarte la mejor y m\u00e1s r\u00e1pida atenci\u00f3n.<\/p>\n\n\n\n<figure class=\"wp-block-image size-large is-resized\"><a href=\"https:\/\/deliverysagga.atlassian.net\/servicedesk\/\" target=\"_blank\" rel=\"Clic soporte noopener\"><img loading=\"lazy\" src=\"https:\/\/saggaac.com\/saggapg\/wp-content\/uploads\/2023\/08\/CarruselesPosts_LinkedIn_SAGGA-12-1024x245.png\" alt=\"\" class=\"wp-image-5183\" width=\"337\" height=\"67\"\/><\/a><\/figure>\n","protected":false},"excerpt":{"rendered":"<p>Nuestra mesa de servicios con su personal capacitado le brindar\u00e1 asistencia para solucionar su problema o cualquier consulta que requiera. Trabajamos de la mano con nuestros fabricantes para brindarte la mejor y m\u00e1s r\u00e1pida atenci\u00f3n.<\/p>\n","protected":false},"author":1,"featured_media":4472,"parent":0,"menu_order":0,"comment_status":"closed","ping_status":"closed","template":"","meta":[],"uagb_featured_image_src":{"full":["https:\/\/saggaac.com\/saggapg\/wp-content\/uploads\/2020\/10\/03Soporte.jpg",1268,664,false],"thumbnail":["https:\/\/saggaac.com\/saggapg\/wp-content\/uploads\/2020\/10\/03Soporte-150x150.jpg",150,150,true],"medium":["https:\/\/saggaac.com\/saggapg\/wp-content\/uploads\/2020\/10\/03Soporte-300x157.jpg",300,157,true],"medium_large":["https:\/\/saggaac.com\/saggapg\/wp-content\/uploads\/2020\/10\/03Soporte-768x402.jpg",640,335,true],"large":["https:\/\/saggaac.com\/saggapg\/wp-content\/uploads\/2020\/10\/03Soporte-1024x536.jpg",640,335,true],"elegant_blocks_team_1":["https:\/\/saggaac.com\/saggapg\/wp-content\/uploads\/2020\/10\/03Soporte-500x500.jpg",500,500,true],"elegant_blocks_blog_1":["https:\/\/saggaac.com\/saggapg\/wp-content\/uploads\/2020\/10\/03Soporte-693x462.jpg",693,462,true],"elegant_blocks_slider_1":["https:\/\/saggaac.com\/saggapg\/wp-content\/uploads\/2020\/10\/03Soporte.jpg",1268,664,false],"1536x1536":["https:\/\/saggaac.com\/saggapg\/wp-content\/uploads\/2020\/10\/03Soporte.jpg",1268,664,false],"2048x2048":["https:\/\/saggaac.com\/saggapg\/wp-content\/uploads\/2020\/10\/03Soporte.jpg",1268,664,false],"bizberg_medium":["https:\/\/saggaac.com\/saggapg\/wp-content\/uploads\/2020\/10\/03Soporte-300x300.jpg",300,300,true],"bizberg_gallery":["https:\/\/saggaac.com\/saggapg\/wp-content\/uploads\/2020\/10\/03Soporte-500x400.jpg",500,400,true],"bizberg_blog_list":["https:\/\/saggaac.com\/saggapg\/wp-content\/uploads\/2020\/10\/03Soporte-368x240.jpg",368,240,true],"bizberg_detail_image":["https:\/\/saggaac.com\/saggapg\/wp-content\/uploads\/2020\/10\/03Soporte-825x400.jpg",825,400,true],"bizberg_detail_image_no_sidebar":["https:\/\/saggaac.com\/saggapg\/wp-content\/uploads\/2020\/10\/03Soporte-920x400.jpg",920,400,true],"bizberg_portfolio_homepage":["https:\/\/saggaac.com\/saggapg\/wp-content\/uploads\/2020\/10\/03Soporte-600x400.jpg",600,400,true],"bizberg_blog_list_no_sidebar_1":["https:\/\/saggaac.com\/saggapg\/wp-content\/uploads\/2020\/10\/03Soporte-220x190.jpg",220,190,true]},"uagb_author_info":{"display_name":"admin","author_link":"https:\/\/saggaac.com\/saggapg\/author\/admin\/"},"uagb_comment_info":0,"uagb_excerpt":"Nuestra mesa de servicios con su personal capacitado le brindar\u00e1 asistencia para solucionar su problema o cualquier consulta que requiera. Trabajamos de la mano con nuestros fabricantes para brindarte la mejor y m\u00e1s r\u00e1pida atenci\u00f3n.","_links":{"self":[{"href":"https:\/\/saggaac.com\/saggapg\/wp-json\/wp\/v2\/pages\/4266"}],"collection":[{"href":"https:\/\/saggaac.com\/saggapg\/wp-json\/wp\/v2\/pages"}],"about":[{"href":"https:\/\/saggaac.com\/saggapg\/wp-json\/wp\/v2\/types\/page"}],"author":[{"embeddable":true,"href":"https:\/\/saggaac.com\/saggapg\/wp-json\/wp\/v2\/users\/1"}],"replies":[{"embeddable":true,"href":"https:\/\/saggaac.com\/saggapg\/wp-json\/wp\/v2\/comments?post=4266"}],"version-history":[{"count":13,"href":"https:\/\/saggaac.com\/saggapg\/wp-json\/wp\/v2\/pages\/4266\/revisions"}],"predecessor-version":[{"id":5184,"href":"https:\/\/saggaac.com\/saggapg\/wp-json\/wp\/v2\/pages\/4266\/revisions\/5184"}],"wp:featuredmedia":[{"embeddable":true,"href":"https:\/\/saggaac.com\/saggapg\/wp-json\/wp\/v2\/media\/4472"}],"wp:attachment":[{"href":"https:\/\/saggaac.com\/saggapg\/wp-json\/wp\/v2\/media?parent=4266"}],"curies":[{"name":"wp","href":"https:\/\/api.w.org\/{rel}","templated":true}]}}