{"id":4207,"date":"2020-09-08T14:48:11","date_gmt":"2020-09-08T19:48:11","guid":{"rendered":"https:\/\/saggaac.com\/saggapg\/?page_id=4207"},"modified":"2022-05-20T09:08:37","modified_gmt":"2022-05-20T14:08:37","slug":"cloud","status":"publish","type":"page","link":"https:\/\/saggaac.com\/saggapg\/soluciones-y-servicios-especializados-sagga\/cloud\/","title":{"rendered":"Cloud"},"content":{"rendered":"\n\t\t<div class=\"slider-main mb_slider_3 \">\n\n\t\t\t\n      \t\t<div class=\"slider-list slider-item\" id=\"slider_1_OoepPj0CwEEM\">\n\n      \t\t\t\n\t        \t\t<div class=\"s-item\">\n\t          \t\t\t<img width=\"1600\" height=\"1000\" src=\"https:\/\/saggaac.com\/saggapg\/wp-content\/uploads\/2019\/06\/saggaacapps2020-1600x1000.jpg\" class=\"attachment-elegant_blocks_slider_1 size-elegant_blocks_slider_1 wp-post-image\" alt=\"Cloud (Servicios en la Nube)\" loading=\"lazy\" \/>\n\t\t\t          \t<div class=\"s-caption off animated_box animated fadeInUp\">\n\n\t\t\t            \t<h1 \n\t\t\t            \tstyle=\"font-size: 60px;margin-top: 0px;margin-bottom: 20px\" \n\t\t\t            \tclass=\"white mar-bottom-20 animated1 animated off\">\n\t\t\t\t\t \t\t<span style=\"color:\">Cloud<\/span> (Servicios en la Nube)\t\t\t            \t\n\t\t\t            \t<\/h1>\n\n\t\t\t            \t\n\t\n\n\t\n\t\t\t            \t<p \n\t\t\t            \tstyle=\"margin-top: 0px;margin-bottom: 40px;    text-align: justify !important;\" \n\t\t\t            \tclass=\"mar-bottom-40 animated2 animated off slider_subtitle\">\n\t\t\t            \t\tImportante catalizador de la cuarta revoluci\u00f3n industrial que permite a las organizaciones de cualquier naturaleza acceder a tecnolog\u00edas disruptivas en cuesti\u00f3n de segundos y a bajo costo permitiendo a las empresas concentrarse en la innovaci\u00f3n tecnol\u00f3gica en lugar de la operaci\u00f3n\t\t\t            \t<\/p>\n\n\t\t\t            \t\t\t\t\t            \t<a \n\t\t\t\t            \thref=\"https:\/\/saggaac.com\/saggapg\/cloud-detalle\/\" \n\t\t\t\t            \tclass=\"btn btn-white animated3 animated slider_read_more off\"\n\t\t\t\t            \tstyle=\"border-radius: 7px;background:none; border: 1px solid #FFFFFF;#f04d4e;color: #fff\">\n\t\t\t\t            \t\tM\u00e1s informaci\u00f3n\t\t\t\t            \t<\/a>\n\t\t\t\t            \t\n\t\t\t          \t<\/div>\n\t          \t\t\t<div class=\"black-overlay\"><\/div>\n\t        \t\t<\/div>\n\n\t        \t\t        \n\t      \t<\/div>\n\n\t      \t\n\t    <\/div>\n\n    <script>\n    \t\n    \tjQuery(document).ready(function($){  \n\n    \t\tvar slider_1 = '#slider_1_' + \"OoepPj0CwEEM\";\n\n\t\t  \t$(slider_1).on('init', function(event, slick){\n\n\t\t    \t$( slider_1 + ' .animated1').addClass(\"fadeInLeft\");\n\t\t    \t$( slider_1 + ' .animated2').addClass(\"fadeInRight\");\n\t\t    \t$( slider_1 + ' .animated3').addClass(\"fadeInUp\");\n\t\t    \t$( slider_1 + ' .animated_box').addClass(\"fadeInUp\");\n\t\t    \t$( slider_1 + ' .animated_date_cat').addClass(\"fadeInUp\");\n\n\t\t    \t$( slider_1 + ' .animated1').removeClass('off');\n\t\t    \t$( slider_1 + ' .animated2').removeClass('off');\n\t\t    \t$( slider_1 + ' .animated3').removeClass('off');\n\t\t    \t$( slider_1 + ' .animated_box').removeClass('off');\t\n\t\t    \t$( slider_1 + ' .animated_date_cat').removeClass('off');\t\n\n\t\t  \t});   \n\n\t\t  \t$(slider_1).slick({\n\n\t\t    \tautoplay: true,\n\t\t    \tautoplaySpeed: 10000,\n\t\t    \tpauseOnHover: true,\n\t\t    \tdots:true,\n\t\t    \tvertical: false,\n\t\t    \tarrows: true,\n\t\t    \tspeed:3000,\n\t\t    \tdraggable:false,\n\t\t    \tswipe: false,\n\t\t\t\tswipeToSlide: false,\n\t\t\t\ttouchMove: false\n\n\t\t  \t});     \n\n\t\t  \t$(slider_1).on('afterChange', function(event, slick, currentSlide) {\n\n\t\t    \t$(slider_1 +' .animated1').removeClass('off');\n\t\t    \t$(slider_1 +' .animated1').addClass(\"fadeInLeft\");\n\n\t\t     \t$(slider_1 +' .animated2').removeClass('off');\n\t\t    \t$(slider_1 +' .animated2').addClass(\"fadeInRight\");\n\n\t\t     \t$(slider_1 +' .animated3').removeClass('off');\n\t\t    \t$(slider_1 +' .animated3').addClass(\"fadeInUp\");\n\n\t\t    \t$(slider_1 +' .animated_box').removeClass('off');\n\t\t    \t$(slider_1 +' .animated_box').addClass(\"fadeInUp\");\n\n\t\t    \t$(slider_1 +' .animated_date_cat').removeClass('off');\n\t\t    \t$(slider_1 +' .animated_date_cat').addClass(\"fadeInUp\");\n\n\t\t  \t});   \n\n\t\t  \t$(slider_1).on('beforeChange', function(event, slick, currentSlide) {\n\n\t\t    \t$(slider_1 +' .animated1').removeClass(\"fadeInLeft\");\n\t\t    \t$(slider_1 +' .animated1').addClass('off');\n\n\t\t    \t$(slider_1 +' .animated2').removeClass(\"fadeInRight\");\n\t\t    \t$(slider_1 +' .animated2').addClass('off');\n\n\t\t       \t$(slider_1 +' .animated3').addClass('off');\n\t\t    \t$(slider_1 +' .animated3').removeClass(\"fadeInUp\");\n\n\t\t    \t$(slider_1 +' .animated_box').addClass('off');\n\t\t    \t$(slider_1 +' .animated_box').removeClass(\"fadeInUp\");\n\n\t\t    \t$(slider_1 +' .animated_date_cat').addClass('off');\n\t\t    \t$(slider_1 +' .animated_date_cat').removeClass(\"fadeInUp\");\n\n\t\t  \t});\n\n\t\t});\n\n    <\/script>\n\n    <style>\n\n    \t\n    \t#slider_1_OoepPj0CwEEM .black-overlay{\n    \t\tbackground: linear-gradient( to right, rgba(0,0,0,0.6) , rgba(0,0,0,0.6) );\n    \t}\n    \t#slider_1_OoepPj0CwEEM .animated1 {\n\t\t  \tanimation-duration: 1s;\n\t\t  \tanimation-delay: .5s;\n\t\t}\n\t\t#slider_1_OoepPj0CwEEM .animated2 {\n\t\t  \tanimation-duration: 1.5s;\n\t\t  \tanimation-delay: 1s;\n\t\t}\n\t\t#slider_1_OoepPj0CwEEM .animated3 {\n\t\t  \tanimation-duration: 2s;\n\t\t  \tanimation-delay: .5s;\n\t\t}\n\t\t#slider_1_OoepPj0CwEEM .animated_date_cat {\n\t\t  \tanimation-duration: 1.5s;\n\t\t  \tanimation-delay: .5s;\n\t\t}\n\t\t#slider_1_OoepPj0CwEEM.slider-list .slick-prev:hover, \n\t\t#slider_1_OoepPj0CwEEM.slider-list .slick-next:hover {\n\t\t    background: #f04d4e;\n\t\t}\n\t\t#slider_1_OoepPj0CwEEM.slider-list .slick-dots li.slick-active button:before{\n\t\t\tbackground: #f04d4e;\n\t\t}\n\n\t\t\/**\n\t\t * Responsive\n\t\t *\/\n\n\t\t@media (min-width: 768px) and (max-width: 1024px) , (min-width: 768px) and (max-width: 1024px) and (orientation: landscape) {\n\t\t  \t#slider_1_OoepPj0CwEEM h1{\n\t\t  \t\tmargin-top : 0px !important;\n\t\t  \t\tmargin-bottom : 0px !important;\n\t\t  \t}\n\t\t}\n\n\t\t@media (min-width: 300px) and (max-width: 767px) {\n\t\t\t#slider_1_OoepPj0CwEEM h1{\n\t\t  \t\tmargin-top : 0px !important;\n\t\t  \t\tmargin-bottom : 0px !important;\n\t\t  \t}\n\t\t}\n\n\t\t@media (min-width: 768px) and (max-width: 1024px) , (min-width: 768px) and (max-width: 1024px) and (orientation: landscape) {\n\t\t  \t#slider_1_OoepPj0CwEEM p.slider_subtitle {\n\t\t  \t\tmargin-top : 0px !important;\n\t\t  \t\tmargin-bottom : 0px !important;\n\t\t  \t}\n\t\t}\n\n\t\t@media (min-width: 300px) and (max-width: 767px) {\n\t\t\t#slider_1_OoepPj0CwEEM p.slider_subtitle {\n\t\t  \t\tmargin-top : 0px !important;\n\t\t  \t\tmargin-bottom : 0px !important;\n\t\t  \t}\n\t\t}\n\n    <\/style>\n\n\t","protected":false},"excerpt":{"rendered":"","protected":false},"author":1,"featured_media":0,"parent":4000,"menu_order":0,"comment_status":"closed","ping_status":"closed","template":"page-templates\/full-width.php","meta":[],"uagb_featured_image_src":{"full":false,"thumbnail":false,"medium":false,"medium_large":false,"large":false,"elegant_blocks_team_1":false,"elegant_blocks_blog_1":false,"elegant_blocks_slider_1":false,"1536x1536":false,"2048x2048":false,"bizberg_medium":false,"bizberg_gallery":false,"bizberg_blog_list":false,"bizberg_detail_image":false,"bizberg_detail_image_no_sidebar":false,"bizberg_portfolio_homepage":false,"bizberg_blog_list_no_sidebar_1":false},"uagb_author_info":{"display_name":"admin","author_link":"https:\/\/saggaac.com\/saggapg\/author\/admin\/"},"uagb_comment_info":0,"uagb_excerpt":null,"_links":{"self":[{"href":"https:\/\/saggaac.com\/saggapg\/wp-json\/wp\/v2\/pages\/4207"}],"collection":[{"href":"https:\/\/saggaac.com\/saggapg\/wp-json\/wp\/v2\/pages"}],"about":[{"href":"https:\/\/saggaac.com\/saggapg\/wp-json\/wp\/v2\/types\/page"}],"author":[{"embeddable":true,"href":"https:\/\/saggaac.com\/saggapg\/wp-json\/wp\/v2\/users\/1"}],"replies":[{"embeddable":true,"href":"https:\/\/saggaac.com\/saggapg\/wp-json\/wp\/v2\/comments?post=4207"}],"version-history":[{"count":7,"href":"https:\/\/saggaac.com\/saggapg\/wp-json\/wp\/v2\/pages\/4207\/revisions"}],"predecessor-version":[{"id":5030,"href":"https:\/\/saggaac.com\/saggapg\/wp-json\/wp\/v2\/pages\/4207\/revisions\/5030"}],"up":[{"embeddable":true,"href":"https:\/\/saggaac.com\/saggapg\/wp-json\/wp\/v2\/pages\/4000"}],"wp:attachment":[{"href":"https:\/\/saggaac.com\/saggapg\/wp-json\/wp\/v2\/media?parent=4207"}],"curies":[{"name":"wp","href":"https:\/\/api.w.org\/{rel}","templated":true}]}}