{"id":4202,"date":"2020-09-08T14:42:45","date_gmt":"2020-09-08T19:42:45","guid":{"rendered":"https:\/\/saggaac.com\/saggapg\/?page_id=4202"},"modified":"2022-05-20T09:08:49","modified_gmt":"2022-05-20T14:08:49","slug":"ciclo-de-vida-aplicaciones","status":"publish","type":"page","link":"https:\/\/saggaac.com\/saggapg\/soluciones-y-servicios-especializados-sagga\/ciclo-de-vida-aplicaciones\/","title":{"rendered":"Ciclo de Vida de APP"},"content":{"rendered":"\n\t\t<div class=\"slider-main mb_slider_3 \">\n\n\t\t\t\n      \t\t<div class=\"slider-list slider-item\" id=\"slider_1_X4BUp7SiowIx\">\n\n      \t\t\t\n\t        \t\t<div class=\"s-item\">\n\t          \t\t\t<img width=\"1600\" height=\"1000\" src=\"https:\/\/saggaac.com\/saggapg\/wp-content\/uploads\/2019\/06\/saggaacapps2020-1600x1000.jpg\" class=\"attachment-elegant_blocks_slider_1 size-elegant_blocks_slider_1 wp-post-image\" alt=\"Ciclo de Vida Aplicaciones\" loading=\"lazy\" \/>\n\t\t\t          \t<div class=\"s-caption off animated_box animated fadeInUp\">\n\n\t\t\t            \t<h1 \n\t\t\t            \tstyle=\"font-size: 60px;margin-top: 0px;margin-bottom: 20px\" \n\t\t\t            \tclass=\"white mar-bottom-20 animated1 animated off\">\n\t\t\t\t\t \t\t<span style=\"color:\">Ciclo<\/span> de Vida Aplicaciones\t\t\t            \t\n\t\t\t            \t<\/h1>\n\n\t\t\t            \t\n\t\n\n\t\n\t\t\t            \t<p \n\t\t\t            \tstyle=\"margin-top: 0px;margin-bottom: 40px;    text-align: justify !important;\" \n\t\t\t            \tclass=\"mar-bottom-40 animated2 animated off slider_subtitle\">\n\t\t\t            \t\tLa gesti\u00f3n del ciclo de vida de las aplicaciones ALM (Application Lifecycle Management) es el proceso que permite controlar las actividades de la aplicaci\u00f3n para mejorar la calidad y rendimiento, adem\u00e1s de vulnerabilidades de seguridad garantizando que la aplicaci\u00f3n agregue valor a la empresa con el ciclo de vida de las aplicaciones automatizando la ejecuci\u00f3n de pruebas funcionales y no funcionales asegurando la calidad del software mucho antes de ponerlo disponible a los usuarios.\t\t\t            \t<\/p>\n\n\t\t\t            \t\t\t\t\t            \t<a \n\t\t\t\t            \thref=\"https:\/\/saggaac.com\/saggapg\/ciclo-de-vida-aplicaciones-detalle\/\" \n\t\t\t\t            \tclass=\"btn btn-white animated3 animated slider_read_more off\"\n\t\t\t\t            \tstyle=\"border-radius: 7px;background:none; border: 1px solid #FFFFFF;#f04d4e;color: #fff\">\n\t\t\t\t            \t\tM\u00e1s informaci\u00f3n\t\t\t\t            \t<\/a>\n\t\t\t\t            \t\n\t\t\t          \t<\/div>\n\t          \t\t\t<div class=\"black-overlay\"><\/div>\n\t        \t\t<\/div>\n\n\t        \t\t        \n\t      \t<\/div>\n\n\t      \t\n\t    <\/div>\n\n    <script>\n    \t\n    \tjQuery(document).ready(function($){  \n\n    \t\tvar slider_1 = '#slider_1_' + \"X4BUp7SiowIx\";\n\n\t\t  \t$(slider_1).on('init', function(event, slick){\n\n\t\t    \t$( slider_1 + ' .animated1').addClass(\"fadeInLeft\");\n\t\t    \t$( slider_1 + ' .animated2').addClass(\"fadeInRight\");\n\t\t    \t$( slider_1 + ' .animated3').addClass(\"fadeInUp\");\n\t\t    \t$( slider_1 + ' .animated_box').addClass(\"fadeInUp\");\n\t\t    \t$( slider_1 + ' .animated_date_cat').addClass(\"fadeInUp\");\n\n\t\t    \t$( slider_1 + ' .animated1').removeClass('off');\n\t\t    \t$( slider_1 + ' .animated2').removeClass('off');\n\t\t    \t$( slider_1 + ' .animated3').removeClass('off');\n\t\t    \t$( slider_1 + ' .animated_box').removeClass('off');\t\n\t\t    \t$( slider_1 + ' .animated_date_cat').removeClass('off');\t\n\n\t\t  \t});   \n\n\t\t  \t$(slider_1).slick({\n\n\t\t    \tautoplay: true,\n\t\t    \tautoplaySpeed: 10000,\n\t\t    \tpauseOnHover: true,\n\t\t    \tdots:true,\n\t\t    \tvertical: false,\n\t\t    \tarrows: true,\n\t\t    \tspeed:3000,\n\t\t    \tdraggable:false,\n\t\t    \tswipe: false,\n\t\t\t\tswipeToSlide: false,\n\t\t\t\ttouchMove: false\n\n\t\t  \t});     \n\n\t\t  \t$(slider_1).on('afterChange', function(event, slick, currentSlide) {\n\n\t\t    \t$(slider_1 +' .animated1').removeClass('off');\n\t\t    \t$(slider_1 +' .animated1').addClass(\"fadeInLeft\");\n\n\t\t     \t$(slider_1 +' .animated2').removeClass('off');\n\t\t    \t$(slider_1 +' .animated2').addClass(\"fadeInRight\");\n\n\t\t     \t$(slider_1 +' .animated3').removeClass('off');\n\t\t    \t$(slider_1 +' .animated3').addClass(\"fadeInUp\");\n\n\t\t    \t$(slider_1 +' .animated_box').removeClass('off');\n\t\t    \t$(slider_1 +' .animated_box').addClass(\"fadeInUp\");\n\n\t\t    \t$(slider_1 +' .animated_date_cat').removeClass('off');\n\t\t    \t$(slider_1 +' .animated_date_cat').addClass(\"fadeInUp\");\n\n\t\t  \t});   \n\n\t\t  \t$(slider_1).on('beforeChange', function(event, slick, currentSlide) {\n\n\t\t    \t$(slider_1 +' .animated1').removeClass(\"fadeInLeft\");\n\t\t    \t$(slider_1 +' .animated1').addClass('off');\n\n\t\t    \t$(slider_1 +' .animated2').removeClass(\"fadeInRight\");\n\t\t    \t$(slider_1 +' .animated2').addClass('off');\n\n\t\t       \t$(slider_1 +' .animated3').addClass('off');\n\t\t    \t$(slider_1 +' .animated3').removeClass(\"fadeInUp\");\n\n\t\t    \t$(slider_1 +' .animated_box').addClass('off');\n\t\t    \t$(slider_1 +' .animated_box').removeClass(\"fadeInUp\");\n\n\t\t    \t$(slider_1 +' .animated_date_cat').addClass('off');\n\t\t    \t$(slider_1 +' .animated_date_cat').removeClass(\"fadeInUp\");\n\n\t\t  \t});\n\n\t\t});\n\n    <\/script>\n\n    <style>\n\n    \t\n    \t#slider_1_X4BUp7SiowIx .black-overlay{\n    \t\tbackground: linear-gradient( to right, rgba(0,0,0,0.6) , rgba(0,0,0,0.6) );\n    \t}\n    \t#slider_1_X4BUp7SiowIx .animated1 {\n\t\t  \tanimation-duration: 1s;\n\t\t  \tanimation-delay: .5s;\n\t\t}\n\t\t#slider_1_X4BUp7SiowIx .animated2 {\n\t\t  \tanimation-duration: 1.5s;\n\t\t  \tanimation-delay: 1s;\n\t\t}\n\t\t#slider_1_X4BUp7SiowIx .animated3 {\n\t\t  \tanimation-duration: 2s;\n\t\t  \tanimation-delay: .5s;\n\t\t}\n\t\t#slider_1_X4BUp7SiowIx .animated_date_cat {\n\t\t  \tanimation-duration: 1.5s;\n\t\t  \tanimation-delay: .5s;\n\t\t}\n\t\t#slider_1_X4BUp7SiowIx.slider-list .slick-prev:hover, \n\t\t#slider_1_X4BUp7SiowIx.slider-list .slick-next:hover {\n\t\t    background: #f04d4e;\n\t\t}\n\t\t#slider_1_X4BUp7SiowIx.slider-list .slick-dots li.slick-active button:before{\n\t\t\tbackground: #f04d4e;\n\t\t}\n\n\t\t\/**\n\t\t * Responsive\n\t\t *\/\n\n\t\t@media (min-width: 768px) and (max-width: 1024px) , (min-width: 768px) and (max-width: 1024px) and (orientation: landscape) {\n\t\t  \t#slider_1_X4BUp7SiowIx h1{\n\t\t  \t\tmargin-top : 0px !important;\n\t\t  \t\tmargin-bottom : 0px !important;\n\t\t  \t}\n\t\t}\n\n\t\t@media (min-width: 300px) and (max-width: 767px) {\n\t\t\t#slider_1_X4BUp7SiowIx h1{\n\t\t  \t\tmargin-top : 0px !important;\n\t\t  \t\tmargin-bottom : 0px !important;\n\t\t  \t}\n\t\t}\n\n\t\t@media (min-width: 768px) and (max-width: 1024px) , (min-width: 768px) and (max-width: 1024px) and (orientation: landscape) {\n\t\t  \t#slider_1_X4BUp7SiowIx p.slider_subtitle {\n\t\t  \t\tmargin-top : 0px !important;\n\t\t  \t\tmargin-bottom : 0px !important;\n\t\t  \t}\n\t\t}\n\n\t\t@media (min-width: 300px) and (max-width: 767px) {\n\t\t\t#slider_1_X4BUp7SiowIx p.slider_subtitle {\n\t\t  \t\tmargin-top : 0px !important;\n\t\t  \t\tmargin-bottom : 0px !important;\n\t\t  \t}\n\t\t}\n\n    <\/style>\n\n\t","protected":false},"excerpt":{"rendered":"","protected":false},"author":1,"featured_media":4484,"parent":4000,"menu_order":0,"comment_status":"closed","ping_status":"closed","template":"page-templates\/full-width.php","meta":[],"uagb_featured_image_src":{"full":["https:\/\/saggaac.com\/saggapg\/wp-content\/uploads\/2020\/11\/Saggafoto2.jpg",2000,1170,false],"thumbnail":["https:\/\/saggaac.com\/saggapg\/wp-content\/uploads\/2020\/11\/Saggafoto2-150x150.jpg",150,150,true],"medium":["https:\/\/saggaac.com\/saggapg\/wp-content\/uploads\/2020\/11\/Saggafoto2-300x176.jpg",300,176,true],"medium_large":["https:\/\/saggaac.com\/saggapg\/wp-content\/uploads\/2020\/11\/Saggafoto2-768x449.jpg",640,374,true],"large":["https:\/\/saggaac.com\/saggapg\/wp-content\/uploads\/2020\/11\/Saggafoto2-1024x599.jpg",640,374,true],"elegant_blocks_team_1":["https:\/\/saggaac.com\/saggapg\/wp-content\/uploads\/2020\/11\/Saggafoto2-500x500.jpg",500,500,true],"elegant_blocks_blog_1":["https:\/\/saggaac.com\/saggapg\/wp-content\/uploads\/2020\/11\/Saggafoto2-693x462.jpg",693,462,true],"elegant_blocks_slider_1":["https:\/\/saggaac.com\/saggapg\/wp-content\/uploads\/2020\/11\/Saggafoto2-1600x1000.jpg",1600,1000,true],"1536x1536":["https:\/\/saggaac.com\/saggapg\/wp-content\/uploads\/2020\/11\/Saggafoto2-1536x899.jpg",1536,899,true],"2048x2048":["https:\/\/saggaac.com\/saggapg\/wp-content\/uploads\/2020\/11\/Saggafoto2.jpg",2000,1170,false],"bizberg_medium":["https:\/\/saggaac.com\/saggapg\/wp-content\/uploads\/2020\/11\/Saggafoto2-300x300.jpg",300,300,true],"bizberg_gallery":["https:\/\/saggaac.com\/saggapg\/wp-content\/uploads\/2020\/11\/Saggafoto2-500x400.jpg",500,400,true],"bizberg_blog_list":["https:\/\/saggaac.com\/saggapg\/wp-content\/uploads\/2020\/11\/Saggafoto2-368x240.jpg",368,240,true],"bizberg_detail_image":["https:\/\/saggaac.com\/saggapg\/wp-content\/uploads\/2020\/11\/Saggafoto2-825x400.jpg",825,400,true],"bizberg_detail_image_no_sidebar":["https:\/\/saggaac.com\/saggapg\/wp-content\/uploads\/2020\/11\/Saggafoto2-920x400.jpg",920,400,true],"bizberg_portfolio_homepage":["https:\/\/saggaac.com\/saggapg\/wp-content\/uploads\/2020\/11\/Saggafoto2-600x400.jpg",600,400,true],"bizberg_blog_list_no_sidebar_1":["https:\/\/saggaac.com\/saggapg\/wp-content\/uploads\/2020\/11\/Saggafoto2-220x190.jpg",220,190,true]},"uagb_author_info":{"display_name":"admin","author_link":"https:\/\/saggaac.com\/saggapg\/author\/admin\/"},"uagb_comment_info":0,"uagb_excerpt":null,"_links":{"self":[{"href":"https:\/\/saggaac.com\/saggapg\/wp-json\/wp\/v2\/pages\/4202"}],"collection":[{"href":"https:\/\/saggaac.com\/saggapg\/wp-json\/wp\/v2\/pages"}],"about":[{"href":"https:\/\/saggaac.com\/saggapg\/wp-json\/wp\/v2\/types\/page"}],"author":[{"embeddable":true,"href":"https:\/\/saggaac.com\/saggapg\/wp-json\/wp\/v2\/users\/1"}],"replies":[{"embeddable":true,"href":"https:\/\/saggaac.com\/saggapg\/wp-json\/wp\/v2\/comments?post=4202"}],"version-history":[{"count":12,"href":"https:\/\/saggaac.com\/saggapg\/wp-json\/wp\/v2\/pages\/4202\/revisions"}],"predecessor-version":[{"id":5031,"href":"https:\/\/saggaac.com\/saggapg\/wp-json\/wp\/v2\/pages\/4202\/revisions\/5031"}],"up":[{"embeddable":true,"href":"https:\/\/saggaac.com\/saggapg\/wp-json\/wp\/v2\/pages\/4000"}],"wp:featuredmedia":[{"embeddable":true,"href":"https:\/\/saggaac.com\/saggapg\/wp-json\/wp\/v2\/media\/4484"}],"wp:attachment":[{"href":"https:\/\/saggaac.com\/saggapg\/wp-json\/wp\/v2\/media?parent=4202"}],"curies":[{"name":"wp","href":"https:\/\/api.w.org\/{rel}","templated":true}]}}